{"id":362,"date":"2019-01-25T19:43:19","date_gmt":"2019-01-25T19:43:19","guid":{"rendered":"http:\/\/www.stripky.cz\/?page_id=362"},"modified":"2019-07-22T09:22:17","modified_gmt":"2019-07-22T09:22:17","slug":"my-mame-hlad","status":"publish","type":"page","link":"https:\/\/www.stripky.cz\/index.php\/my-mame-hlad\/","title":{"rendered":"V\u00fdzva :-)"},"content":{"rendered":"<div class=\"m_q9d4y2iq1 j_q9d4x_57m clearfix\"><\/div>\n<div id=\"js_egw\" class=\"_5pbx userContent _3576\" data-ft=\"{&quot;tn&quot;:&quot;K&quot;}\">\n<p>\u0158\u00edkala jsem si, \u017ee by bylo dobr\u00e9, kdyby se objevily recepty i od jin\u00fdch kucha\u0159\u016f a kucha\u0159inek, nemus\u00ed b\u00fdt p\u0159ece jen moje. Spoustu z V\u00e1s um\u00ed va\u0159it, nebo m\u00e1 obl\u00edben\u00fd recept, r\u00e1d se pochlub\u00ed, uk\u00e1\u017ee, po\u0161le d\u00e1l.<\/p>\n<p>Proto m\u011b s kamar\u00e1dkou napadl projekt &#8211; MY M\u00c1ME HLAD!<\/p>\n<p>V \u010dem to spo\u010d\u00edv\u00e1? Kdo r\u00e1d va\u0159\u00ed a chce se pochlubit, p\u0159ijme na\u0161i v\u00fdzvu. My ho nav\u0161t\u00edv\u00edme v pr\u00e1ci, u n\u011bj doma, n\u011bkde na proch\u00e1zce, n\u011bkde, kde to m\u00e1te r\u00e1di, a tam se V\u00e1s zept\u00e1me, co n\u00e1m uva\u0159\u00edte.\u00a0 Domluv\u00edme den a hodinu, p\u0159ijedeme, nafot\u00edme a samoz\u0159ejm\u011b ochutn\u00e1me. A pak se jen budeme t\u011b\u0161it na n\u011bjakou dobrotu, kterou V\u00e1m zde p\u0159edvedeme.<\/p>\n<p>Nen\u00ed t\u0159eba st\u00e1t za plotnou cel\u00fd den, vym\u00fd\u0161let b\u016fh v\u00ed, jak\u00e9 kulin\u00e1\u0159sk\u00e9 recepty. I rychl\u00e9 a jednoduch\u00e9 j\u00eddlo m\u016f\u017ee b\u00fdt vynikaj\u00edc\u00ed. Tak, a te\u010f po\u010dk\u00e1me, kdo bude dal\u0161\u00ed odv\u00e1\u017elivec a p\u0159edvede n\u00e1m sv\u016fj recept?<\/p>\n<p><img loading=\"lazy\" decoding=\"async\" class=\"size-full wp-image-366 aligncenter\" src=\"http:\/\/www.stripky.cz\/wp-content\/uploads\/2019\/01\/vyzva.jpg\" alt=\"v\u00fdzva\" width=\"373\" height=\"91\" srcset=\"https:\/\/www.stripky.cz\/wp-content\/uploads\/2019\/01\/vyzva.jpg 373w, https:\/\/www.stripky.cz\/wp-content\/uploads\/2019\/01\/vyzva-300x73.jpg 300w\" sizes=\"auto, (max-width: 373px) 100vw, 373px\" \/><\/p>\n<\/div>\n<p><a href=\"http:\/\/www.stripky.cz\/index.php\/2019\/06\/30\/naveteva-u-yvety\/\">N\u00e1v\u0161t\u011bva u Yvety<\/a> &#8211; placi\u010dky z mlet\u00e9ho masa, \u010derven\u00e9 brusinkov\u00e9 zel\u00ed, brambor<\/p>\n<p><a href=\"http:\/\/www.stripky.cz\/index.php\/2019\/05\/13\/navsteva-u-zbyska\/\">N\u00e1v\u0161t\u011bva u Zby\u0161ka<\/a> &#8211; ku\u0159ec\u00ed kapsa pln\u011bn\u00e1 sm\u011bs\u00ed paprika a s\u00fdr\u016f<\/p>\n<p><a href=\"http:\/\/www.stripky.cz\/index.php\/2019\/04\/18\/navsteva-u-terezky\/\">N\u00e1v\u0161t\u011bva u Terezky<\/a> &#8211; ku\u0159ec\u00ed prso pln\u011bn\u00e9 \u0161pen\u00e1tem v listov\u00e9m t\u011bst\u011b<\/p>\n<p><a href=\"http:\/\/www.stripky.cz\/index.php\/2019\/03\/09\/navsteva-u-nikolky-a-odricka\/\">N\u00e1v\u0161t\u011bva u Nikolky a Ond\u0159\u00ed\u010dka<\/a> &#8211; stehenn\u00ed ku\u0159ec\u00ed steaky na fazolk\u00e1ch se slaninou a \u0161pecle<\/p>\n<p><a href=\"http:\/\/www.stripky.cz\/index.php\/2019\/02\/21\/navsteva-u-romany\/\">N\u00e1v\u0161t\u011bva u Romany<\/a> &#8211; smetanov\u00e9 ku\u0159e se \u0161\u0165ouchan\u00fdm bramborem<\/p>\n<p><a href=\"http:\/\/www.stripky.cz\/index.php\/2019\/01\/27\/navsteva-u-kateriny\/\">N\u00e1v\u0161t\u011bva u Kate\u0159iny<\/a> &#8211; zdrav\u00e9 j\u00eddlo &#8211; brokolice s vejcem<\/p>\n","protected":false},"excerpt":{"rendered":"<p>\u0158\u00edkala jsem si, \u017ee by bylo dobr\u00e9, kdyby se objevily recepty i od jin\u00fdch kucha\u0159\u016f a kucha\u0159inek, nemus\u00ed b\u00fdt p\u0159ece jen moje. Spoustu z V\u00e1s um\u00ed va\u0159it, nebo m\u00e1 obl\u00edben\u00fd recept, r\u00e1d se pochlub\u00ed, uk\u00e1\u017ee,<a class=\"read-more\" href=\"https:\/\/www.stripky.cz\/index.php\/my-mame-hlad\/\">Continue reading<\/a><\/p>\n","protected":false},"author":1,"featured_media":0,"parent":0,"menu_order":3,"comment_status":"closed","ping_status":"closed","template":"","meta":{"footnotes":""},"class_list":["post-362","page","type-page","status-publish","hentry"],"_links":{"self":[{"href":"https:\/\/www.stripky.cz\/index.php\/wp-json\/wp\/v2\/pages\/362","targetHints":{"allow":["GET"]}}],"collection":[{"href":"https:\/\/www.stripky.cz\/index.php\/wp-json\/wp\/v2\/pages"}],"about":[{"href":"https:\/\/www.stripky.cz\/index.php\/wp-json\/wp\/v2\/types\/page"}],"author":[{"embeddable":true,"href":"https:\/\/www.stripky.cz\/index.php\/wp-json\/wp\/v2\/users\/1"}],"replies":[{"embeddable":true,"href":"https:\/\/www.stripky.cz\/index.php\/wp-json\/wp\/v2\/comments?post=362"}],"version-history":[{"count":14,"href":"https:\/\/www.stripky.cz\/index.php\/wp-json\/wp\/v2\/pages\/362\/revisions"}],"predecessor-version":[{"id":1209,"href":"https:\/\/www.stripky.cz\/index.php\/wp-json\/wp\/v2\/pages\/362\/revisions\/1209"}],"wp:attachment":[{"href":"https:\/\/www.stripky.cz\/index.php\/wp-json\/wp\/v2\/media?parent=362"}],"curies":[{"name":"wp","href":"https:\/\/api.w.org\/{rel}","templated":true}]}}