{"id":551,"date":"2019-03-05T08:02:30","date_gmt":"2019-03-05T08:02:30","guid":{"rendered":"http:\/\/www.stripky.cz\/?page_id=551"},"modified":"2019-03-05T08:03:51","modified_gmt":"2019-03-05T08:03:51","slug":"cesta-jidla-na-vas-stul","status":"publish","type":"page","link":"https:\/\/www.stripky.cz\/index.php\/cesta-jidla-na-vas-stul\/","title":{"rendered":"Cesta j\u00eddla na V\u00e1\u0161 st\u016fl"},"content":{"rendered":"<p>Napadlo V\u00e1s n\u011bkdy, co se d\u011bje s ur\u010ditou surovinou, ne\u017e se dostane na V\u00e1\u0161 st\u016fl? Poj\u010fte se mnou zkoumat, zkou\u0161et a sledovat r\u016fzn\u00e9 cesty r\u016fzn\u00fdch surovin. N\u011bkter\u00e9 postupy si i vyzkou\u0161\u00edme na vlastn\u00ed k\u016f\u017ei.<\/p>\n<p>A t\u00edmto bych V\u00e1s, mil\u00ed p\u0159\u00e1tel\u00e9, cht\u011bla vyzvat, pokud zpracov\u00e1v\u00e1te doma n\u011bjakou surovinu, chov\u00e1te zv\u00ed\u0159\u00e1tka, p\u011bstujete ovoce, zeleninu a cht\u011bli by jste se s n\u00e1mi pod\u011blit o zku\u0161enosti, rady, postupy, pochlubit se s Va\u0161imi v\u00fdrobky, nev\u00e1hejte n\u00e1s kontaktovat.<\/p>\n<p>T\u011b\u0161\u00edme se na Va\u0161i inspiraci a n\u00e1pady \ud83d\ude42<\/p>\n<p>&nbsp;<\/p>\n","protected":false},"excerpt":{"rendered":"<p>Napadlo V\u00e1s n\u011bkdy, co se d\u011bje s ur\u010ditou surovinou, ne\u017e se dostane na V\u00e1\u0161 st\u016fl? Poj\u010fte se mnou zkoumat, zkou\u0161et a sledovat r\u016fzn\u00e9 cesty r\u016fzn\u00fdch surovin. N\u011bkter\u00e9 postupy si i vyzkou\u0161\u00edme na vlastn\u00ed k\u016f\u017ei. A<a class=\"read-more\" href=\"https:\/\/www.stripky.cz\/index.php\/cesta-jidla-na-vas-stul\/\">Continue reading<\/a><\/p>\n","protected":false},"author":1,"featured_media":0,"parent":0,"menu_order":4,"comment_status":"closed","ping_status":"closed","template":"","meta":{"footnotes":""},"class_list":["post-551","page","type-page","status-publish","hentry"],"_links":{"self":[{"href":"https:\/\/www.stripky.cz\/index.php\/wp-json\/wp\/v2\/pages\/551","targetHints":{"allow":["GET"]}}],"collection":[{"href":"https:\/\/www.stripky.cz\/index.php\/wp-json\/wp\/v2\/pages"}],"about":[{"href":"https:\/\/www.stripky.cz\/index.php\/wp-json\/wp\/v2\/types\/page"}],"author":[{"embeddable":true,"href":"https:\/\/www.stripky.cz\/index.php\/wp-json\/wp\/v2\/users\/1"}],"replies":[{"embeddable":true,"href":"https:\/\/www.stripky.cz\/index.php\/wp-json\/wp\/v2\/comments?post=551"}],"version-history":[{"count":1,"href":"https:\/\/www.stripky.cz\/index.php\/wp-json\/wp\/v2\/pages\/551\/revisions"}],"predecessor-version":[{"id":552,"href":"https:\/\/www.stripky.cz\/index.php\/wp-json\/wp\/v2\/pages\/551\/revisions\/552"}],"wp:attachment":[{"href":"https:\/\/www.stripky.cz\/index.php\/wp-json\/wp\/v2\/media?parent=551"}],"curies":[{"name":"wp","href":"https:\/\/api.w.org\/{rel}","templated":true}]}}